
{"id":1667,"date":"2025-09-16T19:32:53","date_gmt":"2025-09-16T19:32:53","guid":{"rendered":"https:\/\/vallemistico.com\/?page_id=1667"},"modified":"2025-10-23T00:57:10","modified_gmt":"2025-10-23T00:57:10","slug":"restaurante","status":"publish","type":"page","link":"https:\/\/vallemistico.com\/en\/restaurante\/","title":{"rendered":"Restaurant"},"content":{"rendered":"<div class=\"wpb-content-wrapper\"><section class=\"wpb_row vc_row-fluid side-bg no-padding vc_custom_1474447018555 vc_row-has-fill no-padding\"><div class=\"row\"><div class=\"wpb_column vc_column_container vc_col-sm-12\"><div class=\"vc_column-inner\"><div class=\"wpb_wrapper\"  >\t<!-- Element: OT Quick Office -->\n\t<div class=\"side-bg\">\n\n\t\t<div class=\"image-container hidden-xs pull-left col-md-5\" style=\"background-image:url(https:\/\/vallemistico.com\/wp-content\/uploads\/2025\/10\/res-correccion3.jpg); ?>\" data-delay=\"0\"><\/div>\n\n\t\t<!-- Added this code in 26\/03\/2019 -->\n\t\t<img decoding=\"async\" class=\"visible-xs img-responsive\" src=\"https:\/\/vallemistico.com\/wp-content\/uploads\/2025\/10\/res-correccion3.jpg\" \/>\n\n        <div class=\"container\">\n            <div class=\"row\">\n                <div class=\"inner-padding\">\n                    <div class=\"col-md-6 col-md-offset-6 wow fadeInRight\" data-wow-delay=\".2s\">\n                        <h2>V\u00eda del Campo Restaurant<\/h2><br\/>\n                        <strong class=\"intro\">A delightful space in the mountains<\/strong><\/p>\n<p style=\"text-align: justify;\">At Valle M\u00edstico, the gastronomic experience becomes a true sensory journey. Our <strong data-start=\"448\" data-end=\"477\">V\u00eda del Campo Restaurant<\/strong> has been designed as a space that blends the best of national and international cuisine, with a special emphasis on <strong data-start=\"610\" data-end=\"639\">Mexican and Mediterranean flavors.<\/strong>Here, every dish reflects the essence of nature, the freshness of the ingredients, and the care in every detail.<\/p>\n<p style=\"text-align: justify;\" data-start=\"763\" data-end=\"1100\">From our garden to your table: we select fresh, local products to offer a healthy, authentic, and delicious proposal. <strong data-start=\"895\" data-end=\"940\">Our dishes are prepared to order,<\/strong>ensuring quality, flavor, and a unique culinary experience\u2014accompanied by our freshly baked bread and a menu that balances tradition with modernity.<\/p>\n<p>                    <\/div>\n                    <div class=\"clearfix\"><\/div>\n                <\/div>\n            <\/div>\n        <\/div>\n\t<\/div>\n\n<\/div><\/div><\/div><\/div><\/section><section class=\"wpb_row vc_row-fluid side-bg no-padding vc_custom_1758051107716 vc_row-has-fill no-padding\"><div class=\"row\"><div class=\"wpb_column vc_column_container vc_col-sm-12\"><div class=\"vc_column-inner\"><div class=\"wpb_wrapper\"  >\t<!-- Element: OT Quick Office -->\n\t<div class=\"side-bg\">\n\n\t\t<div class=\"image-container hidden-xs pull-right right0 col-md-5 col-md-offset-7\" style=\"background-image:url(https:\/\/vallemistico.com\/wp-content\/uploads\/2025\/10\/res-correccion2.jpg); ?>\" data-delay=\"0\"><\/div>\n\n\t\t<!-- Added this code in 26\/03\/2019 -->\n\t\t<img decoding=\"async\" class=\"visible-xs img-responsive\" src=\"https:\/\/vallemistico.com\/wp-content\/uploads\/2025\/10\/res-correccion2.jpg\" \/>\n\n        <div class=\"container\">\n            <div class=\"row\">\n                <div class=\"inner-padding\">\n                    <div class=\"col-md-6 wow fadeInLeft\" data-wow-delay=\".2s\">\n                        <h2><\/h2><br\/>\n                        <\/p>\n<p data-start=\"1102\" data-end=\"1458\">The surroundings are an essential part of the experience. Surrounded by mountains and lush gardens, the restaurant offers an open, natural, and serene atmosphere\u2014perfect for enjoying a memorable meal. Whether it\u2019s an outdoor breakfast, a relaxed lunch, or a dinner under the stars, every moment is enriched by the mystical atmosphere of Tepoztl\u00e1n.<\/p>\n<p data-start=\"1460\" data-end=\"1712\">We are part of the <strong data-start=\"1482\" data-end=\"1556\">establishments certified by state health authorities,<\/strong>ensuring safety and trust in every visit. In addition, our open spaces respect privacy and provide a sense of well-being.<\/p>\n<p>                    <\/div>\n                    <div class=\"clearfix\"><\/div>\n                <\/div>\n            <\/div>\n        <\/div>\n\t<\/div>\n\n<\/div><\/div><\/div><\/div><\/section><section class=\"wpb_row vc_row-fluid side-bg no-padding vc_custom_1474447018555 vc_row-has-fill no-padding\"><div class=\"row\"><div class=\"wpb_column vc_column_container vc_col-sm-12\"><div class=\"vc_column-inner\"><div class=\"wpb_wrapper\"  >\t<!-- Element: OT Quick Office -->\n\t<div class=\"side-bg\">\n\n\t\t<div class=\"image-container hidden-xs pull-left col-md-5\" style=\"background-image:url(https:\/\/vallemistico.com\/wp-content\/uploads\/2025\/10\/res-correccion1-1.jpg); ?>\" data-delay=\"0\"><\/div>\n\n\t\t<!-- Added this code in 26\/03\/2019 -->\n\t\t<img decoding=\"async\" class=\"visible-xs img-responsive\" src=\"https:\/\/vallemistico.com\/wp-content\/uploads\/2025\/10\/res-correccion1-1.jpg\" \/>\n\n        <div class=\"container\">\n            <div class=\"row\">\n                <div class=\"inner-padding\">\n                    <div class=\"col-md-6 col-md-offset-6 wow fadeInRight\" data-wow-delay=\".2s\">\n                        <h2><\/h2><br\/>\n                        <\/p>\n<p data-start=\"1714\" data-end=\"1971\">And because gastronomy also celebrates the soul, <strong data-start=\"1763\" data-end=\"1850\">V\u00eda del Campo is the perfect setting for romantic dinners and special occasions.<\/strong>We create exclusive menus with appetizer, main course, dessert, and drinks, designed to craft unforgettable moments.<\/p>\n<p data-start=\"1973\" data-end=\"2183\">More than just a restaurant, V\u00eda del Campo is a <strong data-start=\"2017\" data-end=\"2053\">sanctuary of flavors and sensations:<\/strong>a place where nature and cuisine meet in perfect harmony to invite you to enjoy, share, and reconnect.<\/p>\n<p>                    <\/div>\n                    <div class=\"clearfix\"><\/div>\n                <\/div>\n            <\/div>\n        <\/div>\n\t<\/div>\n\n<\/div><\/div><\/div><\/div><\/section><section class=\"wpb_row vc_row-fluid call-to-action bg-color text-center vc_custom_1442204580531 no-padding\"><div class=\"row\"><div class=\"wpb_column vc_column_container vc_col-sm-12\"><div class=\"vc_column-inner\"><div class=\"wpb_wrapper\"  >\t<!-- Element: OT Button -->\n\t\t\t<a href=\"https:\/\/api.whatsapp.com\/send?phone=7777015087&#038;text=Valle%20M%C3%ADstico%20Hotel%20Boutique%20%C2%BFDeseas%20reservar%20ahora?\" target=\"_blank\" class=\"btn btn-line-black btn-big\">BOOK NOW<\/a>\n\t\n<\/div><\/div><\/div><\/div><\/section>\n<\/div>","protected":false},"excerpt":{"rendered":"Restaurante V\u00eda del Campo Un delicioso espacio en las monta\u00f1as En Valle M\u00edstico, la experiencia gastron\u00f3mica se convierte en un viaje sensorial. Nuestro Restaurante V\u00eda del Campo ha sido dise\u00f1ado como un espacio que combina lo mejor de la cocina nacional e internacional, con un especial \u00e9nfasis en los sabores mexicanos y mediterr\u00e1neos. Aqu\u00ed, cada [...]","protected":false},"author":1,"featured_media":0,"parent":0,"menu_order":0,"comment_status":"open","ping_status":"open","template":"page-templates\/template-fullwidth.php","meta":{"footnotes":""},"class_list":["post-1667","page","type-page","status-publish","hentry"],"_links":{"self":[{"href":"https:\/\/vallemistico.com\/en\/wp-json\/wp\/v2\/pages\/1667","targetHints":{"allow":["GET"]}}],"collection":[{"href":"https:\/\/vallemistico.com\/en\/wp-json\/wp\/v2\/pages"}],"about":[{"href":"https:\/\/vallemistico.com\/en\/wp-json\/wp\/v2\/types\/page"}],"author":[{"embeddable":true,"href":"https:\/\/vallemistico.com\/en\/wp-json\/wp\/v2\/users\/1"}],"replies":[{"embeddable":true,"href":"https:\/\/vallemistico.com\/en\/wp-json\/wp\/v2\/comments?post=1667"}],"version-history":[{"count":7,"href":"https:\/\/vallemistico.com\/en\/wp-json\/wp\/v2\/pages\/1667\/revisions"}],"predecessor-version":[{"id":1993,"href":"https:\/\/vallemistico.com\/en\/wp-json\/wp\/v2\/pages\/1667\/revisions\/1993"}],"wp:attachment":[{"href":"https:\/\/vallemistico.com\/en\/wp-json\/wp\/v2\/media?parent=1667"}],"curies":[{"name":"wp","href":"https:\/\/api.w.org\/{rel}","templated":true}]}}