
{"id":1684,"date":"2025-09-16T20:02:38","date_gmt":"2025-09-16T20:02:38","guid":{"rendered":"https:\/\/vallemistico.com\/?page_id=1684"},"modified":"2025-10-22T21:15:52","modified_gmt":"2025-10-22T21:15:52","slug":"spa","status":"publish","type":"page","link":"https:\/\/vallemistico.com\/en\/spa\/","title":{"rendered":"Spa"},"content":{"rendered":"<div class=\"wpb-content-wrapper\"><section class=\"wpb_row vc_row-fluid side-bg no-padding vc_custom_1474447018555 vc_row-has-fill no-padding\"><div class=\"row\"><div class=\"wpb_column vc_column_container vc_col-sm-12\"><div class=\"vc_column-inner\"><div class=\"wpb_wrapper\"  >\t<!-- Element: OT Quick Office -->\n\t<div class=\"side-bg\">\n\n\t\t<div class=\"image-container hidden-xs pull-left col-md-5\" style=\"background-image:url(https:\/\/vallemistico.com\/wp-content\/uploads\/2025\/10\/spa-correccion2b.jpg); ?>\" data-delay=\"0\"><\/div>\n\n\t\t<!-- Added this code in 26\/03\/2019 -->\n\t\t<img decoding=\"async\" class=\"visible-xs img-responsive\" src=\"https:\/\/vallemistico.com\/wp-content\/uploads\/2025\/10\/spa-correccion2b.jpg\" \/>\n\n        <div class=\"container\">\n            <div class=\"row\">\n                <div class=\"inner-padding\">\n                    <div class=\"col-md-6 col-md-offset-6 wow fadeInRight\" data-wow-delay=\".2s\">\n                        <h2>Valle M\u00edstico Spa<\/h2><br\/>\n                        <\/p>\n<p data-start=\"242\" data-end=\"284\"><strong data-start=\"242\" data-end=\"282\">A sanctuary of healing and well-being<\/strong><\/p>\n<p style=\"text-align: justify;\" data-start=\"286\" data-end=\"582\">In the heart of the mountains, our spa is a space designed for the renewal of body, mind, and spirit. Here, you will find energy therapies such as <strong data-start=\"450\" data-end=\"501\">Reiki, cacao rituals, and guided meditations<\/strong>that invite you to release emotions, find calm, and reconnect with your essence.<\/p>\n<p style=\"text-align: justify;\" data-start=\"763\" data-end=\"1100\">Each session is conceived as an inner journey, embraced by the serenity of Tepoztl\u00e1n\u2019s natural surroundings. The harmony of the elements, professional care, and the mystical atmosphere create a transformative experience that nurtures the soul and awakens a deep sense of well-being.<\/p>\n<p>                    <\/div>\n                    <div class=\"clearfix\"><\/div>\n                <\/div>\n            <\/div>\n        <\/div>\n\t<\/div>\n\n<\/div><\/div><\/div><\/div><\/section><section class=\"wpb_row vc_row-fluid side-bg no-padding vc_custom_1758051107716 vc_row-has-fill no-padding\"><div class=\"row\"><div class=\"wpb_column vc_column_container vc_col-sm-12\"><div class=\"vc_column-inner\"><div class=\"wpb_wrapper\"  >\t<!-- Element: OT Quick Office -->\n\t<div class=\"side-bg\">\n\n\t\t<div class=\"image-container hidden-xs pull-right right0 col-md-5 col-md-offset-7\" style=\"background-image:url(https:\/\/vallemistico.com\/wp-content\/uploads\/2025\/10\/spa-correccion2-1.jpg); ?>\" data-delay=\"0\"><\/div>\n\n\t\t<!-- Added this code in 26\/03\/2019 -->\n\t\t<img decoding=\"async\" class=\"visible-xs img-responsive\" src=\"https:\/\/vallemistico.com\/wp-content\/uploads\/2025\/10\/spa-correccion2-1.jpg\" \/>\n\n        <div class=\"container\">\n            <div class=\"row\">\n                <div class=\"inner-padding\">\n                    <div class=\"col-md-6 wow fadeInLeft\" data-wow-delay=\".2s\">\n                        <h2><\/h2><br\/>\n                        <\/p>\n<p style=\"text-align: justify;\" data-start=\"584\" data-end=\"791\">Enjoy <strong data-start=\"596\" data-end=\"662\">full-body massages, Swedish techniques, hot stone or balsamic therapies<\/strong>all performed by professionals who relieve tension, balance your energy, and awaken a deep state of serenity.<\/p>\n<p style=\"text-align: justify;\" data-start=\"793\" data-end=\"1067\">Enhance your experience with our <strong data-start=\"833\" data-end=\"871\">facial and body treatments<\/strong> that nourish and revitalize the skin, or immerse yourself in special ceremonies such as <strong data-start=\"956\" data-end=\"1009\">the temazcal, fire circles, and energy cleansings<\/strong>ancestral practices that purify and renew your being.<\/p>\n<p>                    <\/div>\n                    <div class=\"clearfix\"><\/div>\n                <\/div>\n            <\/div>\n        <\/div>\n\t<\/div>\n\n<\/div><\/div><\/div><\/div><\/section><section class=\"wpb_row vc_row-fluid side-bg no-padding vc_custom_1474447018555 vc_row-has-fill no-padding\"><div class=\"row\"><div class=\"wpb_column vc_column_container vc_col-sm-12\"><div class=\"vc_column-inner\"><div class=\"wpb_wrapper\"  >\t<!-- Element: OT Quick Office -->\n\t<div class=\"side-bg\">\n\n\t\t<div class=\"image-container hidden-xs pull-left col-md-5\" style=\"background-image:url(https:\/\/vallemistico.com\/wp-content\/uploads\/2025\/10\/spa-correccion2c-1.jpg); ?>\" data-delay=\"0\"><\/div>\n\n\t\t<!-- Added this code in 26\/03\/2019 -->\n\t\t<img decoding=\"async\" class=\"visible-xs img-responsive\" src=\"https:\/\/vallemistico.com\/wp-content\/uploads\/2025\/10\/spa-correccion2c-1.jpg\" \/>\n\n        <div class=\"container\">\n            <div class=\"row\">\n                <div class=\"inner-padding\">\n                    <div class=\"col-md-6 col-md-offset-6 wow fadeInRight\" data-wow-delay=\".2s\">\n                        <h2><\/h2><br\/>\n                        <\/p>\n<p style=\"text-align: justify;\" data-start=\"1069\" data-end=\"1234\">We also offer <strong data-start=\"1087\" data-end=\"1116\">outdoor activities<\/strong> such as hiking, yoga, meditation, and horseback riding, connecting you directly with the mystical nature of Tepoztl\u00e1n.<\/p>\n<p style=\"text-align: justify;\" data-start=\"1236\" data-end=\"1419\">More than a spa, Valle M\u00edstico is a <strong data-start=\"1272\" data-end=\"1315\">gateway to balance and harmony,<\/strong>where every detail is designed to elevate your well-being and gift you a transformative experience.<\/p>\n<p>                    <\/div>\n                    <div class=\"clearfix\"><\/div>\n                <\/div>\n            <\/div>\n        <\/div>\n\t<\/div>\n\n<\/div><\/div><\/div><\/div><\/section><section class=\"wpb_row vc_row-fluid call-to-action bg-color text-center vc_custom_1442204580531 no-padding\"><div class=\"row\"><div class=\"wpb_column vc_column_container vc_col-sm-12\"><div class=\"vc_column-inner\"><div class=\"wpb_wrapper\"  >\t<!-- Element: OT Button -->\n\t\t\t<a href=\"https:\/\/api.whatsapp.com\/send?phone=7777015087&#038;text=Valle%20M%C3%ADstico%20Hotel%20Boutique%20%C2%BFDeseas%20reservar%20ahora?\" target=\"_blank\" class=\"btn btn-line-black btn-big\">BOOK NOW<\/a>\n\t\n<\/div><\/div><\/div><\/div><\/section>\n<\/div>","protected":false},"excerpt":{"rendered":"Spa Valle M\u00edstico Un santuario de sanaci\u00f3n y bienestar En el coraz\u00f3n de las monta\u00f1as, nuestro spa es un espacio dise\u00f1ado para la renovaci\u00f3n del cuerpo, la mente y el esp\u00edritu. Aqu\u00ed encontrar\u00e1s terapias energ\u00e9ticas como Reiki, rituales de cacao y meditaciones guiadas, que invitan a liberar emociones, encontrar calma y reconectar con tu esencia. [...]","protected":false},"author":1,"featured_media":0,"parent":0,"menu_order":0,"comment_status":"open","ping_status":"open","template":"page-templates\/template-fullwidth.php","meta":{"footnotes":""},"class_list":["post-1684","page","type-page","status-publish","hentry"],"_links":{"self":[{"href":"https:\/\/vallemistico.com\/en\/wp-json\/wp\/v2\/pages\/1684","targetHints":{"allow":["GET"]}}],"collection":[{"href":"https:\/\/vallemistico.com\/en\/wp-json\/wp\/v2\/pages"}],"about":[{"href":"https:\/\/vallemistico.com\/en\/wp-json\/wp\/v2\/types\/page"}],"author":[{"embeddable":true,"href":"https:\/\/vallemistico.com\/en\/wp-json\/wp\/v2\/users\/1"}],"replies":[{"embeddable":true,"href":"https:\/\/vallemistico.com\/en\/wp-json\/wp\/v2\/comments?post=1684"}],"version-history":[{"count":8,"href":"https:\/\/vallemistico.com\/en\/wp-json\/wp\/v2\/pages\/1684\/revisions"}],"predecessor-version":[{"id":1981,"href":"https:\/\/vallemistico.com\/en\/wp-json\/wp\/v2\/pages\/1684\/revisions\/1981"}],"wp:attachment":[{"href":"https:\/\/vallemistico.com\/en\/wp-json\/wp\/v2\/media?parent=1684"}],"curies":[{"name":"wp","href":"https:\/\/api.w.org\/{rel}","templated":true}]}}