
{"id":1692,"date":"2025-09-16T20:14:45","date_gmt":"2025-09-16T20:14:45","guid":{"rendered":"https:\/\/vallemistico.com\/?page_id=1692"},"modified":"2025-09-16T20:24:49","modified_gmt":"2025-09-16T20:24:49","slug":"politicas","status":"publish","type":"page","link":"https:\/\/vallemistico.com\/en\/politicas\/","title":{"rendered":"Policies"},"content":{"rendered":"<div class=\"wpb-content-wrapper\"><section class=\"wpb_row vc_row-fluid vc_custom_1758053239802 vc_row-has-fill\"><div class=\"container\"><div class=\"row\"><div class=\"wpb_column vc_column_container vc_col-sm-12\"><div class=\"vc_column-inner\"><div class=\"wpb_wrapper\"  ><div class=\"vc_empty_space\"   style=\"height: 60px\"><span class=\"vc_empty_space_inner\"><\/span><\/div>\n\t<div class=\"wpb_text_column wpb_content_element\" >\n\t\t<div class=\"wpb_wrapper\">\n\t\t\t<section id=\"comp-ldarg0y8\" class=\"Oqnisf comp-ldarg0y8 wixui-section\" tabindex=\"-1\" data-block-level-container=\"ClassicSection\" aria-label=\"main content\">\n<div class=\"\" data-mesh-id=\"comp-ldarg0y8inlineContent\" data-testid=\"inline-content\">\n<div data-mesh-id=\"comp-ldarg0y8inlineContent-gridContainer\" data-testid=\"mesh-container-content\">\n<h1 id=\"comp-jw2gboi4\" class=\"Z_l5lU MMl86N zQ9jDz qvSjx3 Vq6kJx comp-jw2gboi4 wixui-rich-text\" style=\"text-align: left;\" data-testid=\"richTextElement\">Reservation Policies<\/h1>\n<p>&nbsp;<\/p>\n<\/div>\n<\/div>\n<\/section>\n<div class=\"\" style=\"text-align: justify;\" data-mesh-id=\"comp-ldarg0y81inlineContent\" data-testid=\"inline-content\">\n<div data-mesh-id=\"comp-ldarg0y81inlineContent-gridContainer\" data-testid=\"mesh-container-content\">\n<div id=\"comp-jw2gdesa\" class=\"Z_l5lU ku3DBC zQ9jDz qvSjx3 Vq6kJx comp-jw2gdesa wixui-rich-text\" data-testid=\"richTextElement\">\n<p class=\"font_6 wixui-rich-text__text\"><span class=\"wixui-rich-text__text\">Check-In: from 3:00 PM to 7:00 PM<br class=\"wixui-rich-text__text\" \/>Check-Out: 12:00 PM<br class=\"wixui-rich-text__text\" \/><br class=\"wixui-rich-text__text\" \/>Guarantee Policy:<br class=\"wixui-rich-text__text\" \/>To guarantee the reservation, a bank transfer or deposit of 50% of the total amount is required. The remaining balance may be paid at check-in with cash or any major credit card (VISA, MASTERCARD, or AMEX).<br class=\"wixui-rich-text__text\" \/><br class=\"wixui-rich-text__text\" \/>Check-out time is strictly at 12:00 PM.<br class=\"wixui-rich-text__text\" \/>Late check-out is NOT available.<\/span><\/p>\n<p>&nbsp;<\/p>\n<div class=\"LWbAav Kv1aVt\" data-testid=\"colorUnderlay\"><\/div>\n<div data-testid=\"colorUnderlay\"><\/div>\n<div data-testid=\"colorUnderlay\"><\/div>\n<div id=\"bgLayers_comp-ldarg0y82\" class=\"MW5IWV\" style=\"text-align: justify;\" data-hook=\"bgLayers\" data-motion-part=\"BG_LAYER comp-ldarg0y82\">\n<div id=\"bgMedia_comp-ldarg0y82\" class=\"VgO9Yg\" data-motion-part=\"BG_MEDIA comp-ldarg0y82\"><\/div>\n<\/div>\n<div class=\"\" style=\"text-align: left;\" data-mesh-id=\"comp-ldarg0y82inlineContent\" data-testid=\"inline-content\">\n<div data-mesh-id=\"comp-ldarg0y82inlineContent-gridContainer\" data-testid=\"mesh-container-content\">\n<div id=\"comp-jw2gkhgt\" class=\"Z_l5lU MMl86N zQ9jDz qvSjx3 Vq6kJx comp-jw2gkhgt wixui-rich-text\" data-testid=\"richTextElement\">\n<h1 id=\"comp-jw2gboi4\" class=\"Z_l5lU MMl86N zQ9jDz qvSjx3 Vq6kJx comp-jw2gboi4 wixui-rich-text\" style=\"text-align: left;\" data-testid=\"richTextElement\">Cancellation Policies<\/h1>\n<p>&nbsp;<\/p>\n<\/div>\n<\/div>\n<\/div>\n<section id=\"comp-ldarg0y83\" class=\"Oqnisf comp-ldarg0y83 wixui-section\" tabindex=\"-1\" data-block-level-container=\"ClassicSection\">\n<div class=\"\" data-mesh-id=\"comp-ldarg0y83inlineContent\" data-testid=\"inline-content\">\n<div data-mesh-id=\"comp-ldarg0y83inlineContent-gridContainer\" data-testid=\"mesh-container-content\">\n<div id=\"comp-jw2gkhf8\" class=\"Z_l5lU ku3DBC zQ9jDz qvSjx3 Vq6kJx comp-jw2gkhf8 wixui-rich-text\" style=\"text-align: justify;\" data-testid=\"richTextElement\"><span class=\"wixui-rich-text__text\">1. To confirm a reservation, a 50% deposit or transfer of the total amount is required. The remaining balance must be paid upon check-in at reception.<br class=\"wixui-rich-text__text\" \/>2. No refunds are available.<br class=\"wixui-rich-text__text\" \/>3. Reservations may be modified with at least 10 days\u2019 notice prior to arrival.<br class=\"wixui-rich-text__text\" \/>4. Once the deposit or transfer has been made, no refund will be issued for last-minute cancellations.<br class=\"wixui-rich-text__text\" \/>5. To receive a full refund of the accommodation fees, cancellations must be made within 48 hours of booking or receiving the confirmation email, provided that the cancellation is made at least 14 full days before the arrival date. Otherwise, no refund will be granted. To receive a 50% refund of the accommodation fees, cancellations must be made at least 7 full days before the check-in day and time (3:00 PM). Otherwise, no refund will be granted. For example, if your arrival is on a Friday, you must cancel before 3:00 PM the Friday of the previous week.<br class=\"wixui-rich-text__text\" \/>6. If the guest cancels with less than 7 days\u2019 notice or decides to leave earlier than expected after arrival, the unused nights will not be refunded.<br class=\"wixui-rich-text__text\" \/>Reservations may be modified within the specified cancellation period (10 days before arrival). Guests may reschedule their stay to earlier or later dates, subject to full payment of their stay or package and to hotel availability. If the guest arrives at the property and decides to cancel, 100% of the total reservation will be charged as a NO SHOW.<br class=\"wixui-rich-text__text\" \/><br class=\"wixui-rich-text__text\" \/>No Show Policy<br class=\"wixui-rich-text__text\" \/>NO SHOW If the guest does not show up on the scheduled arrival date, the full amount of the reservation (100%) will be charged.<br class=\"wixui-rich-text__text\" \/><br class=\"wixui-rich-text__text\" \/>Extra Person Policy<br class=\"wixui-rich-text__text\" \/>An additional charge will apply per extra guest:\n$830.00 MXN (low season) $1,030.00 MXN (holidays and high season)<br class=\"wixui-rich-text__text\" \/><br class=\"wixui-rich-text__text\" \/>Children Policy<br class=\"wixui-rich-text__text\" \/>The hotel only accepts guests 16 years of age and older, and they will be charged as adults.<br class=\"wixui-rich-text__text\" \/><br class=\"wixui-rich-text__text\" \/>Pet Policy<br class=\"wixui-rich-text__text\" \/>Pets are welcome with an additional charge of $400.00 MXN per stay, per pet. Maximum: 2 small to medium-sized pets or 1 large pet per room. In our Shanti and Copal rooms, only 1 pet is allowed. In the Super Estrella room, pets are not allowed. \nGuests must supervise their pets at all times. Pets may not be left alone in the room, placed on furniture, or taken into the pool or jacuzzi under any circumstances.<br class=\"wixui-rich-text__text\" \/><br class=\"wixui-rich-text__text\" \/>Overbooking Policy<br class=\"wixui-rich-text__text\" \/>In the event that the hotel cannot provide the contracted accommodation service due to overbooking from any booking platform, the hotel will assist in relocating the guest to another property with a similar or lower rate, subject to availability.\u00a0<\/span><\/div>\n<\/div>\n<\/div>\n<\/section>\n<\/div>\n<\/div>\n<\/div>\n\n\t\t<\/div>\n\t<\/div>\n<div class=\"vc_empty_space\"   style=\"height: 40px\"><span class=\"vc_empty_space_inner\"><\/span><\/div><\/div><\/div><\/div><\/div><\/div><\/section>\n<\/div>","protected":false},"excerpt":{"rendered":"Pol\u00edticas de Reservaci\u00f3n &nbsp; Check In: de las 15:00 hrs hasta las 19:00 hrs.Check Out: 12:00 hrs.Pol\u00edtica de garant\u00eda:Para garantizar la reservaci\u00f3n se debe realizar por transferencia o dep\u00f3sito bancario por el 50% del total de la reservaci\u00f3n, al momento de realizar el check in se puede pagar el saldo pendiente con efectivo o cualquier [...]","protected":false},"author":1,"featured_media":0,"parent":0,"menu_order":0,"comment_status":"open","ping_status":"open","template":"page-templates\/template-fullwidth.php","meta":{"footnotes":""},"class_list":["post-1692","page","type-page","status-publish","hentry"],"_links":{"self":[{"href":"https:\/\/vallemistico.com\/en\/wp-json\/wp\/v2\/pages\/1692","targetHints":{"allow":["GET"]}}],"collection":[{"href":"https:\/\/vallemistico.com\/en\/wp-json\/wp\/v2\/pages"}],"about":[{"href":"https:\/\/vallemistico.com\/en\/wp-json\/wp\/v2\/types\/page"}],"author":[{"embeddable":true,"href":"https:\/\/vallemistico.com\/en\/wp-json\/wp\/v2\/users\/1"}],"replies":[{"embeddable":true,"href":"https:\/\/vallemistico.com\/en\/wp-json\/wp\/v2\/comments?post=1692"}],"version-history":[{"count":8,"href":"https:\/\/vallemistico.com\/en\/wp-json\/wp\/v2\/pages\/1692\/revisions"}],"predecessor-version":[{"id":1703,"href":"https:\/\/vallemistico.com\/en\/wp-json\/wp\/v2\/pages\/1692\/revisions\/1703"}],"wp:attachment":[{"href":"https:\/\/vallemistico.com\/en\/wp-json\/wp\/v2\/media?parent=1692"}],"curies":[{"name":"wp","href":"https:\/\/api.w.org\/{rel}","templated":true}]}}