
{"id":1704,"date":"2025-09-16T20:27:45","date_gmt":"2025-09-16T20:27:45","guid":{"rendered":"https:\/\/vallemistico.com\/?page_id=1704"},"modified":"2025-09-16T20:27:45","modified_gmt":"2025-09-16T20:27:45","slug":"mascotas","status":"publish","type":"page","link":"https:\/\/vallemistico.com\/en\/mascotas\/","title":{"rendered":"Pet Policy"},"content":{"rendered":"<div class=\"wpb-content-wrapper\"><section class=\"wpb_row vc_row-fluid vc_custom_1758053239802 vc_row-has-fill\"><div class=\"container\"><div class=\"row\"><div class=\"wpb_column vc_column_container vc_col-sm-12\"><div class=\"vc_column-inner\"><div class=\"wpb_wrapper\"  ><div class=\"vc_empty_space\"   style=\"height: 60px\"><span class=\"vc_empty_space_inner\"><\/span><\/div>\n\t<div class=\"wpb_text_column wpb_content_element\" >\n\t\t<div class=\"wpb_wrapper\">\n\t\t\t<section id=\"comp-ldarg0y8\" class=\"Oqnisf comp-ldarg0y8 wixui-section\" tabindex=\"-1\" data-block-level-container=\"ClassicSection\" aria-label=\"main content\">\n<div class=\"\" data-mesh-id=\"comp-ldarg0y8inlineContent\" data-testid=\"inline-content\">\n<div data-mesh-id=\"comp-ldarg0y8inlineContent-gridContainer\" data-testid=\"mesh-container-content\">\n<h1 class=\"Z_l5lU MMl86N zQ9jDz qvSjx3 Vq6kJx comp-jw2gboi4 wixui-rich-text\" style=\"text-align: left;\" data-testid=\"richTextElement\">Pet Policy<\/h1>\n<p>&nbsp;<\/p>\n<\/div>\n<\/div>\n<\/section>\n<div class=\"\" style=\"text-align: justify;\" data-mesh-id=\"comp-ldarg0y81inlineContent\" data-testid=\"inline-content\">\n<div data-mesh-id=\"comp-ldarg0y81inlineContent-gridContainer\" data-testid=\"mesh-container-content\">\n<div id=\"comp-jw2gdesa\" class=\"Z_l5lU ku3DBC zQ9jDz qvSjx3 Vq6kJx comp-jw2gdesa wixui-rich-text\" data-testid=\"richTextElement\">\n<section id=\"comp-ldarg0y83\" class=\"Oqnisf comp-ldarg0y83 wixui-section\" tabindex=\"-1\" data-block-level-container=\"ClassicSection\">\n<div class=\"\" data-mesh-id=\"comp-ldarg0y83inlineContent\" data-testid=\"inline-content\">\n<div data-mesh-id=\"comp-ldarg0y83inlineContent-gridContainer\" data-testid=\"mesh-container-content\">\n<div id=\"comp-jw2gkhf8\" class=\"Z_l5lU ku3DBC zQ9jDz qvSjx3 Vq6kJx comp-jw2gkhf8 wixui-rich-text\" style=\"text-align: justify;\" data-testid=\"richTextElement\">\n<p>An additional fee of $400.00 MXN per pet, per stay will apply. We accept up to two small or medium-sized pets, or one large pet per room.<\/p>\n<p>Pet owners are 100% responsible for any expenses related to the repair or replacement of hotel property damaged by their pet, as well as medical expenses in the event a guest or staff member is injured by the pet.<\/p>\n<p>Under no circumstances may pets be left alone inside the room, as they may become anxious and start barking or howling, disturbing other guests\u2019 rest.<\/p>\n<p>An additional $150.00 MXN laundry fee per blanket\/bedspread will apply if housekeeping reports strong odors, fecal stains, or excessive pet hair.<\/p>\n<p>Upon arrival, guests must present their pet\u2019s vaccination record, up to date, including proof of the most recent deworming (no more than 6 months old).<\/p>\n<p>Aggressive pets that pose a risk to the safety of guests or staff will not be accepted. Pet owners are fully responsible for supervising their pet at all times, cleaning up after them (depositing waste in the designated areas), and for any incidents that may occur.<\/p>\n<p>Owners must monitor their pet\u2019s behavior inside and outside the room throughout their stay. Barking or howling is not acceptable, especially during nighttime hours, regardless of whether the guest is present in the room.<\/p>\n<p>Pets must never be left unattended in the room. If the guest leaves the property for any reason or length of time, they must take their pet(s) with them, as the hotel does not provide pet-sitting services.<\/p>\n<p>A penalty fee of $500.00 MXN per pet will be applied for any violation of this policy (e.g., bringing pets without notifying the hotel, or leaving them unattended in the room).<\/p>\n<p>The hotel assumes no responsibility in the event that a pet becomes ill, escapes, or suffers an accident while staying at the property.<\/p>\n<p>Guests are required to read and comply with all points outlined in this Pet Policy.<\/p>\n<p>Should the guest disagree with any of the rules and request a cancellation, no refund will be provided.<\/p>\n<p>By signing this document, the guest confirms that they fully understand the responsibility of staying at Hotel Valle M\u00edstico with a pet, as well as the consequences of failing to comply with these rules. In such cases, hotel management reserves the right to request the guest\u2019s departure without any refund.<\/p>\n<p>As a Pet Friendly Hotel, Valle M\u00edstico aims to encourage guests to enjoy meaningful moments and recreational activities with their pets, ensuring they remain together throughout their stay. Pets must not be left in the care of hotel staff.<\/p>\n<\/div>\n<\/div>\n<\/div>\n<\/section>\n<\/div>\n<\/div>\n<\/div>\n\n\t\t<\/div>\n\t<\/div>\n<div class=\"vc_empty_space\"   style=\"height: 40px\"><span class=\"vc_empty_space_inner\"><\/span><\/div><\/div><\/div><\/div><\/div><\/div><\/section>\n<\/div>","protected":false},"excerpt":{"rendered":"Reglamento de Mascotas &nbsp; En caso de traer mascotas, hay un cargo extra de $ 400.00 de estancia por mascota. Aceptamos un m\u00e1ximo de 2 mascotas de raza peque\u00f1a a mediana o bien 1 de raza grande por habitaci\u00f3n. Los due\u00f1os de las mascotas son responsables de cubrir el 100% de los gastos que implique [...]","protected":false},"author":1,"featured_media":0,"parent":0,"menu_order":0,"comment_status":"open","ping_status":"open","template":"page-templates\/template-fullwidth.php","meta":{"footnotes":""},"class_list":["post-1704","page","type-page","status-publish","hentry"],"_links":{"self":[{"href":"https:\/\/vallemistico.com\/en\/wp-json\/wp\/v2\/pages\/1704","targetHints":{"allow":["GET"]}}],"collection":[{"href":"https:\/\/vallemistico.com\/en\/wp-json\/wp\/v2\/pages"}],"about":[{"href":"https:\/\/vallemistico.com\/en\/wp-json\/wp\/v2\/types\/page"}],"author":[{"embeddable":true,"href":"https:\/\/vallemistico.com\/en\/wp-json\/wp\/v2\/users\/1"}],"replies":[{"embeddable":true,"href":"https:\/\/vallemistico.com\/en\/wp-json\/wp\/v2\/comments?post=1704"}],"version-history":[{"count":2,"href":"https:\/\/vallemistico.com\/en\/wp-json\/wp\/v2\/pages\/1704\/revisions"}],"predecessor-version":[{"id":1706,"href":"https:\/\/vallemistico.com\/en\/wp-json\/wp\/v2\/pages\/1704\/revisions\/1706"}],"wp:attachment":[{"href":"https:\/\/vallemistico.com\/en\/wp-json\/wp\/v2\/media?parent=1704"}],"curies":[{"name":"wp","href":"https:\/\/api.w.org\/{rel}","templated":true}]}}