
{"id":1848,"date":"2025-10-11T02:49:35","date_gmt":"2025-10-11T02:49:35","guid":{"rendered":"https:\/\/vallemistico.com\/?page_id=1848"},"modified":"2025-10-24T01:10:59","modified_gmt":"2025-10-24T01:10:59","slug":"retiros","status":"publish","type":"page","link":"https:\/\/vallemistico.com\/en\/retiros\/","title":{"rendered":"Retreats"},"content":{"rendered":"<div class=\"wpb-content-wrapper\"><section class=\"wpb_row vc_row-fluid side-bg no-padding vc_custom_1760199478018 vc_row-has-fill no-padding\"><div class=\"row\"><div class=\"wpb_column vc_column_container vc_col-sm-12\"><div class=\"vc_column-inner\"><div class=\"wpb_wrapper\"  >\t<!-- Element: OT Quick Office -->\n\t<div class=\"side-bg\">\n\n\t\t<div class=\"image-container hidden-xs pull-left col-md-5\" style=\"background-image:url(https:\/\/vallemistico.com\/wp-content\/uploads\/2025\/10\/spajoshancha.jpg); ?>\" data-delay=\"0\"><\/div>\n\n\t\t<!-- Added this code in 26\/03\/2019 -->\n\t\t<img decoding=\"async\" class=\"visible-xs img-responsive\" src=\"https:\/\/vallemistico.com\/wp-content\/uploads\/2025\/10\/spajoshancha.jpg\" \/>\n\n        <div class=\"container\">\n            <div class=\"row\">\n                <div class=\"inner-padding\">\n                    <div class=\"col-md-6 col-md-offset-6 wow fadeInRight\" data-wow-delay=\".2s\">\n                        <h2>Spiritual Retreats<\/h2><br\/>\n                        <\/p>\n<p data-start=\"242\" data-end=\"284\"><strong data-start=\"242\" data-end=\"282\">A sacred space to reconnect, heal, and transform.<\/strong><\/p>\n<p style=\"text-align: justify;\" data-start=\"286\" data-end=\"582\">Nestled in the heart of the Tepoztl\u00e1n mountains, <strong data-start=\"381\" data-end=\"413\">Valle M\u00edstico Boutique Hotel<\/strong> offers the perfect setting for <strong data-start=\"457\" data-end=\"507\">spiritual retreats and wellness gatherings<\/strong>. Its architecture, surrounded by living nature, invites introspection, calm, and inner renewal.<\/p>\n<p style=\"text-align: justify;\" data-start=\"763\" data-end=\"1100\">Each session is conceived as an inner journey, embraced by the serenity of Tepoztl\u00e1n\u2019s natural surroundings. The harmony of the elements, professional care, and the mystical atmosphere create a transformative experience that nurtures the soul and awakens a deep sense of well-being.<\/p>\n<p style=\"text-align: justify;\" data-start=\"763\" data-end=\"1100\">Here, the mountain\u2019s energy becomes your guide, and every corner from the biopool to the gardens and terraces turns into a sanctuary for silence, reflection, and spiritual awakening.\nValle M\u00edstico is more than a place; it is a portal of connection where the body rests, the mind finds stillness, and the spirit blooms.<\/p>\n<p>                    <\/div>\n                    <div class=\"clearfix\"><\/div>\n                <\/div>\n            <\/div>\n        <\/div>\n\t<\/div>\n\n<\/div><\/div><\/div><\/div><\/section><section class=\"wpb_row vc_row-fluid side-bg no-padding vc_custom_1760199486815 vc_row-has-fill no-padding\"><div class=\"row\"><div class=\"wpb_column vc_column_container vc_col-sm-12\"><div class=\"vc_column-inner\"><div class=\"wpb_wrapper\"  >\t<!-- Element: OT Quick Office -->\n\t<div class=\"side-bg\">\n\n\t\t<div class=\"image-container hidden-xs pull-right right0 col-md-5 col-md-offset-7\" style=\"background-image:url(https:\/\/vallemistico.com\/wp-content\/uploads\/2025\/10\/retiro-correccion3.jpg); ?>\" data-delay=\"0\"><\/div>\n\n\t\t<!-- Added this code in 26\/03\/2019 -->\n\t\t<img decoding=\"async\" class=\"visible-xs img-responsive\" src=\"https:\/\/vallemistico.com\/wp-content\/uploads\/2025\/10\/retiro-correccion3.jpg\" \/>\n\n        <div class=\"container\">\n            <div class=\"row\">\n                <div class=\"inner-padding\">\n                    <div class=\"col-md-6 wow fadeInLeft\" data-wow-delay=\".2s\">\n                        <h2><\/h2><br\/>\n                        <\/p>\n<p style=\"text-align: justify;\" data-start=\"584\" data-end=\"791\">We feature <strong data-start=\"627\" data-end=\"670\">acilities and infrastructure ideally suited<\/strong> for hosting groups and organizing unique experiences of growth and healing. Every corner inspires connection and purpose: from the <strong data-start=\"807\" data-end=\"835\">Casa Valle bio-pool<\/strong>, where <em data-start=\"869\" data-end=\"890\">Floating Sound Bath<\/em>ceremonies take place, <strong data-start=\"902\" data-end=\"969\">to the open spaces for yoga, meditation, or mindful walks<\/strong> along the mountains and natural trails.<\/p>\n<p style=\"text-align: justify;\" data-start=\"584\" data-end=\"791\">At Valle M\u00edstico, we have hosted <strong data-start=\"1044\" data-end=\"1179\">retreats in thanatology, grief healing, aromatherapy, light ceremonies, cold pottery workshops, and holistic gatherings<\/strong>, where body, mind, and spirit find balance and renewal.<\/p>\n<p>                    <\/div>\n                    <div class=\"clearfix\"><\/div>\n                <\/div>\n            <\/div>\n        <\/div>\n\t<\/div>\n\n<\/div><\/div><\/div><\/div><\/section><section class=\"wpb_row vc_row-fluid side-bg no-padding vc_custom_1474447018555 vc_row-has-fill no-padding\"><div class=\"row\"><div class=\"wpb_column vc_column_container vc_col-sm-12\"><div class=\"vc_column-inner\"><div class=\"wpb_wrapper\"  >\t<!-- Element: OT Quick Office -->\n\t<div class=\"side-bg\">\n\n\t\t<div class=\"image-container hidden-xs pull-left col-md-5\" style=\"background-image:url(https:\/\/vallemistico.com\/wp-content\/uploads\/2025\/10\/retiro-correccion4.jpg); ?>\" data-delay=\"0\"><\/div>\n\n\t\t<!-- Added this code in 26\/03\/2019 -->\n\t\t<img decoding=\"async\" class=\"visible-xs img-responsive\" src=\"https:\/\/vallemistico.com\/wp-content\/uploads\/2025\/10\/retiro-correccion4.jpg\" \/>\n\n        <div class=\"container\">\n            <div class=\"row\">\n                <div class=\"inner-padding\">\n                    <div class=\"col-md-6 col-md-offset-6 wow fadeInRight\" data-wow-delay=\".2s\">\n                        <h2><\/h2><br\/>\n                        <\/p>\n<p style=\"text-align: justify;\" data-start=\"1069\" data-end=\"1234\">If you are looking for a place <strong data-start=\"1272\" data-end=\"1335\">that combines natural beauty, serenity, and personalized attention<\/strong>, our hotel is the ideal environment <strong data-start=\"1376\" data-end=\"1432\">for your next spiritual retreat or experience<\/strong>.<br data-start=\"1433\" data-end=\"1436\" \/>Let this portal of peace and nature be the starting point for a profound transformation.<\/p>\n<p>                    <\/div>\n                    <div class=\"clearfix\"><\/div>\n                <\/div>\n            <\/div>\n        <\/div>\n\t<\/div>\n\n<\/div><\/div><\/div><\/div><\/section><section class=\"wpb_row vc_row-fluid call-to-action bg-color text-center vc_custom_1442204580531 no-padding\"><div class=\"row\"><div class=\"wpb_column vc_column_container vc_col-sm-12\"><div class=\"vc_column-inner\"><div class=\"wpb_wrapper\"  >\t<!-- Element: OT Button -->\n\t\t\t<a href=\"https:\/\/api.whatsapp.com\/send?phone=7777015087&#038;text=Valle%20M%C3%ADstico%20Hotel%20Boutique%20%C2%BFDeseas%20reservar%20ahora?\" target=\"_blank\" class=\"btn btn-line-black btn-big\">BOOK NOW<\/a>\n\t\n<\/div><\/div><\/div><\/div><\/section>\n<\/div>","protected":false},"excerpt":{"rendered":"Retiros Espirituales Un espacio sagrado para reconectar, sanar y transformar. En lo profundo de las monta\u00f1as de Tepoztl\u00e1n, Valle M\u00edstico Hotel Boutique ofrece el escenario perfecto para realizar retiros espirituales y encuentros de bienestar. Su arquitectura, rodeada de naturaleza viva, invita a la introspecci\u00f3n, la calma y el renacer interior. Cada sesi\u00f3n est\u00e1 pensada como [...]","protected":false},"author":1,"featured_media":0,"parent":0,"menu_order":0,"comment_status":"open","ping_status":"open","template":"page-templates\/template-fullwidth.php","meta":{"footnotes":""},"class_list":["post-1848","page","type-page","status-publish","hentry"],"_links":{"self":[{"href":"https:\/\/vallemistico.com\/en\/wp-json\/wp\/v2\/pages\/1848","targetHints":{"allow":["GET"]}}],"collection":[{"href":"https:\/\/vallemistico.com\/en\/wp-json\/wp\/v2\/pages"}],"about":[{"href":"https:\/\/vallemistico.com\/en\/wp-json\/wp\/v2\/types\/page"}],"author":[{"embeddable":true,"href":"https:\/\/vallemistico.com\/en\/wp-json\/wp\/v2\/users\/1"}],"replies":[{"embeddable":true,"href":"https:\/\/vallemistico.com\/en\/wp-json\/wp\/v2\/comments?post=1848"}],"version-history":[{"count":6,"href":"https:\/\/vallemistico.com\/en\/wp-json\/wp\/v2\/pages\/1848\/revisions"}],"predecessor-version":[{"id":2000,"href":"https:\/\/vallemistico.com\/en\/wp-json\/wp\/v2\/pages\/1848\/revisions\/2000"}],"wp:attachment":[{"href":"https:\/\/vallemistico.com\/en\/wp-json\/wp\/v2\/media?parent=1848"}],"curies":[{"name":"wp","href":"https:\/\/api.w.org\/{rel}","templated":true}]}}